{"id":101,"date":"2025-05-08T07:54:31","date_gmt":"2025-05-08T07:54:31","guid":{"rendered":"https:\/\/taxirusselsheimdania5221.live-website.com\/?page_id=101"},"modified":"2025-12-24T13:57:02","modified_gmt":"2025-12-24T13:57:02","slug":"faqs","status":"publish","type":"page","link":"https:\/\/taxir\u00fcsselsheim.de\/index.php\/faqs\/","title":{"rendered":"FAQ&#8217;s"},"content":{"rendered":"\t\t<div data-elementor-type=\"wp-page\" data-elementor-id=\"101\" class=\"elementor elementor-101\" data-elementor-post-type=\"page\">\n\t\t\t\t\t\t<section class=\"elementor-section elementor-top-section elementor-element elementor-element-d689122 elementor-section-boxed elementor-section-height-default elementor-section-height-default\" data-id=\"d689122\" data-element_type=\"section\" data-settings=\"{&quot;background_background&quot;:&quot;classic&quot;}\">\n\t\t\t\t\t\t\t<div class=\"elementor-background-overlay\"><\/div>\n\t\t\t\t\t\t\t<div class=\"elementor-container elementor-column-gap-default\">\n\t\t\t\t\t<div class=\"elementor-column elementor-col-100 elementor-top-column elementor-element elementor-element-a7b2883\" data-id=\"a7b2883\" data-element_type=\"column\">\n\t\t\t<div class=\"elementor-widget-wrap elementor-element-populated\">\n\t\t\t\t\t\t<section class=\"elementor-section elementor-inner-section elementor-element elementor-element-b0d5ed8 elementor-section-boxed elementor-section-height-default elementor-section-height-default\" data-id=\"b0d5ed8\" data-element_type=\"section\">\n\t\t\t\t\t\t<div class=\"elementor-container elementor-column-gap-default\">\n\t\t\t\t\t<div class=\"elementor-column elementor-col-100 elementor-inner-column elementor-element elementor-element-9054c70\" data-id=\"9054c70\" data-element_type=\"column\">\n\t\t\t<div class=\"elementor-widget-wrap elementor-element-populated\">\n\t\t\t\t\t\t<div class=\"elementor-element elementor-element-0743fe4 elementor-widget elementor-widget-heading\" data-id=\"0743fe4\" data-element_type=\"widget\" data-widget_type=\"heading.default\">\n\t\t\t\t<div class=\"elementor-widget-container\">\n\t\t\t\t\t<div class=\"elementor-heading-title elementor-size-default\">FAQ's<\/div>\t\t\t\t<\/div>\n\t\t\t\t<\/div>\n\t\t\t\t<div class=\"elementor-element elementor-element-a020126 elementor-widget-divider--view-line elementor-widget elementor-widget-divider\" data-id=\"a020126\" data-element_type=\"widget\" data-widget_type=\"divider.default\">\n\t\t\t\t<div class=\"elementor-widget-container\">\n\t\t\t\t\t\t\t<div class=\"elementor-divider\">\n\t\t\t<span class=\"elementor-divider-separator\">\n\t\t\t\t\t\t<\/span>\n\t\t<\/div>\n\t\t\t\t\t\t<\/div>\n\t\t\t\t<\/div>\n\t\t\t\t\t<\/div>\n\t\t<\/div>\n\t\t\t\t\t<\/div>\n\t\t<\/section>\n\t\t\t\t\t<\/div>\n\t\t<\/div>\n\t\t\t\t\t<\/div>\n\t\t<\/section>\n\t\t\t\t<section class=\"elementor-section elementor-top-section elementor-element elementor-element-ff18be0 elementor-section-boxed elementor-section-height-default elementor-section-height-default\" data-id=\"ff18be0\" data-element_type=\"section\" data-settings=\"{&quot;background_background&quot;:&quot;classic&quot;}\">\n\t\t\t\t\t\t<div class=\"elementor-container elementor-column-gap-wider\">\n\t\t\t\t\t<div class=\"elementor-column elementor-col-100 elementor-top-column elementor-element elementor-element-e6d1c68\" data-id=\"e6d1c68\" data-element_type=\"column\">\n\t\t\t<div class=\"elementor-widget-wrap elementor-element-populated\">\n\t\t\t\t\t\t<div class=\"elementor-element elementor-element-ebae23e elementor-widget elementor-widget-heading\" data-id=\"ebae23e\" data-element_type=\"widget\" data-widget_type=\"heading.default\">\n\t\t\t\t<div class=\"elementor-widget-container\">\n\t\t\t\t\t<h2 class=\"elementor-heading-title elementor-size-default\">Fragen &amp; Antworten<\/h2>\t\t\t\t<\/div>\n\t\t\t\t<\/div>\n\t\t\t\t<div class=\"elementor-element elementor-element-309b947 elementor-widget-divider--view-line elementor-widget elementor-widget-divider\" data-id=\"309b947\" data-element_type=\"widget\" data-widget_type=\"divider.default\">\n\t\t\t\t<div class=\"elementor-widget-container\">\n\t\t\t\t\t\t\t<div class=\"elementor-divider\">\n\t\t\t<span class=\"elementor-divider-separator\">\n\t\t\t\t\t\t<\/span>\n\t\t<\/div>\n\t\t\t\t\t\t<\/div>\n\t\t\t\t<\/div>\n\t\t<div class=\"elementor-element elementor-element-b4adcad e-flex e-con-boxed e-con e-parent\" data-id=\"b4adcad\" data-element_type=\"container\">\n\t\t\t\t\t<div class=\"e-con-inner\">\n\t\t<div class=\"elementor-element elementor-element-9f0c663 e-con-full e-flex e-con e-child\" data-id=\"9f0c663\" data-element_type=\"container\">\n\t\t\t\t<div class=\"elementor-element elementor-element-35a9583 elementor-widget elementor-widget-eael-adv-accordion\" data-id=\"35a9583\" data-element_type=\"widget\" data-widget_type=\"eael-adv-accordion.default\">\n\t\t\t\t<div class=\"elementor-widget-container\">\n\t\t\t\t\t        <div class=\"eael-adv-accordion\" id=\"eael-adv-accordion-35a9583\" data-scroll-on-click=\"no\" data-scroll-speed=\"300\" data-accordion-id=\"35a9583\" data-accordion-type=\"accordion\" data-toogle-speed=\"300\">\n    <div class=\"eael-accordion-list\">\n                <div id=\"wie-kann-ich-ein-taxi-in-mannheim-bestellen\" class=\"elementor-tab-title eael-accordion-header active-default\" tabindex=\"0\" data-tab=\"1\" aria-controls=\"elementor-tab-content-5621\"><span class=\"eael-advanced-accordion-icon-closed\"><svg aria-hidden=\"true\" class=\"fa-accordion-icon e-font-icon-svg e-fas-plus\" viewBox=\"0 0 448 512\" xmlns=\"http:\/\/www.w3.org\/2000\/svg\"><path d=\"M416 208H272V64c0-17.67-14.33-32-32-32h-32c-17.67 0-32 14.33-32 32v144H32c-17.67 0-32 14.33-32 32v32c0 17.67 14.33 32 32 32h144v144c0 17.67 14.33 32 32 32h32c17.67 0 32-14.33 32-32V304h144c17.67 0 32-14.33 32-32v-32c0-17.67-14.33-32-32-32z\"><\/path><\/svg><\/span><span class=\"eael-advanced-accordion-icon-opened\"><svg aria-hidden=\"true\" class=\"fa-accordion-icon e-font-icon-svg e-fas-minus\" viewBox=\"0 0 448 512\" xmlns=\"http:\/\/www.w3.org\/2000\/svg\"><path d=\"M416 208H32c-17.67 0-32 14.33-32 32v32c0 17.67 14.33 32 32 32h384c17.67 0 32-14.33 32-32v-32c0-17.67-14.33-32-32-32z\"><\/path><\/svg><\/span><span class=\"eael-accordion-tab-title\">Wie kann ich ein Taxi in Mannheim bestellen?<\/span><\/div><div id=\"elementor-tab-content-5621\" class=\"eael-accordion-content clearfix active-default\" data-tab=\"1\" aria-labelledby=\"wie-kann-ich-ein-taxi-in-mannheim-bestellen\"><p>Sie k\u00f6nnen Ihr Taxi in <strong>R\u00fcsselsheim<\/strong>\u00a0einfach und bequem buchen! Rufen Sie uns an, um Ihre Fahrt im Voraus zu planen oder bestellen Sie spontan ein Fahrzeug. Unser Service steht Ihnen rund um die Uhr zur Verf\u00fcgung, damit Sie jederzeit sicher und p\u00fcnktlich Ihr Ziel erreichen.<\/p><\/div>\n                <\/div><div class=\"eael-accordion-list\">\n                <div id=\"welche-arten-von-fahrzeugen-verwenden-sie-fr-den-flughafentransfer\" class=\"elementor-tab-title eael-accordion-header\" tabindex=\"0\" data-tab=\"2\" aria-controls=\"elementor-tab-content-5622\"><span class=\"eael-advanced-accordion-icon-closed\"><svg aria-hidden=\"true\" class=\"fa-accordion-icon e-font-icon-svg e-fas-plus\" viewBox=\"0 0 448 512\" xmlns=\"http:\/\/www.w3.org\/2000\/svg\"><path d=\"M416 208H272V64c0-17.67-14.33-32-32-32h-32c-17.67 0-32 14.33-32 32v144H32c-17.67 0-32 14.33-32 32v32c0 17.67 14.33 32 32 32h144v144c0 17.67 14.33 32 32 32h32c17.67 0 32-14.33 32-32V304h144c17.67 0 32-14.33 32-32v-32c0-17.67-14.33-32-32-32z\"><\/path><\/svg><\/span><span class=\"eael-advanced-accordion-icon-opened\"><svg aria-hidden=\"true\" class=\"fa-accordion-icon e-font-icon-svg e-fas-minus\" viewBox=\"0 0 448 512\" xmlns=\"http:\/\/www.w3.org\/2000\/svg\"><path d=\"M416 208H32c-17.67 0-32 14.33-32 32v32c0 17.67 14.33 32 32 32h384c17.67 0 32-14.33 32-32v-32c0-17.67-14.33-32-32-32z\"><\/path><\/svg><\/span><span class=\"eael-accordion-tab-title\">Welche Arten von Fahrzeugen verwenden Sie f\u00fcr den Flughafentransfer?<\/span><\/div><div id=\"elementor-tab-content-5622\" class=\"eael-accordion-content clearfix\" data-tab=\"2\" aria-labelledby=\"welche-arten-von-fahrzeugen-verwenden-sie-fr-den-flughafentransfer\"><p>Welches Fahrzeug f\u00fcr Ihren <strong>Taxi\u00a0R\u00fcsselsheim <\/strong>verwendet wird, h\u00e4ngt von der Anzahl der Passagiere und der Menge des Gep\u00e4cks ab. Wir bieten eine Reihe von Fahrzeugen, einschlie\u00dflich Limousine, Kombi, 7-Sitzer, 8-Sitzer und 8-Sitzer Jumbo, um verschiedene Gruppengr\u00f6\u00dfen und Gep\u00e4ckanforderungen unterzubringen.<\/p><\/div>\n                <\/div><div class=\"eael-accordion-list\">\n                <div id=\"kann-ich-einen-flughafentransfer-vom-flughafen-frankfurt-zurck-nach-stuttgart-buchen\" class=\"elementor-tab-title eael-accordion-header\" tabindex=\"0\" data-tab=\"3\" aria-controls=\"elementor-tab-content-5623\"><span class=\"eael-advanced-accordion-icon-closed\"><svg aria-hidden=\"true\" class=\"fa-accordion-icon e-font-icon-svg e-fas-plus\" viewBox=\"0 0 448 512\" xmlns=\"http:\/\/www.w3.org\/2000\/svg\"><path d=\"M416 208H272V64c0-17.67-14.33-32-32-32h-32c-17.67 0-32 14.33-32 32v144H32c-17.67 0-32 14.33-32 32v32c0 17.67 14.33 32 32 32h144v144c0 17.67 14.33 32 32 32h32c17.67 0 32-14.33 32-32V304h144c17.67 0 32-14.33 32-32v-32c0-17.67-14.33-32-32-32z\"><\/path><\/svg><\/span><span class=\"eael-advanced-accordion-icon-opened\"><svg aria-hidden=\"true\" class=\"fa-accordion-icon e-font-icon-svg e-fas-minus\" viewBox=\"0 0 448 512\" xmlns=\"http:\/\/www.w3.org\/2000\/svg\"><path d=\"M416 208H32c-17.67 0-32 14.33-32 32v32c0 17.67 14.33 32 32 32h384c17.67 0 32-14.33 32-32v-32c0-17.67-14.33-32-32-32z\"><\/path><\/svg><\/span><span class=\"eael-accordion-tab-title\">Kann ich einen Flughafentransfer (vom Flughafen Frankfurt zur\u00fcck nach Stuttgart) buchen?<\/span><\/div><div id=\"elementor-tab-content-5623\" class=\"eael-accordion-content clearfix\" data-tab=\"3\" aria-labelledby=\"kann-ich-einen-flughafentransfer-vom-flughafen-frankfurt-zurck-nach-stuttgart-buchen\"><p>Ja, Sie k\u00f6nnen ganz einfach einen <strong>Taxi\u00a0R\u00fcsselsheim <\/strong>mit Hin- und R\u00fcckfahrt buchen. Geben Sie bei der Reservierung einfach Ihr Ankunftsdatum, die Uhrzeit und die Flugnummer an.<\/p><\/div>\n                <\/div><\/div>\t\t\t\t<\/div>\n\t\t\t\t<\/div>\n\t\t\t\t<\/div>\n\t\t<div class=\"elementor-element elementor-element-f7918eb e-con-full e-flex e-con e-child\" data-id=\"f7918eb\" data-element_type=\"container\">\n\t\t\t\t<div class=\"elementor-element elementor-element-64462b4 elementor-widget elementor-widget-eael-adv-accordion\" data-id=\"64462b4\" data-element_type=\"widget\" data-widget_type=\"eael-adv-accordion.default\">\n\t\t\t\t<div class=\"elementor-widget-container\">\n\t\t\t\t\t        <div class=\"eael-adv-accordion\" id=\"eael-adv-accordion-64462b4\" data-scroll-on-click=\"no\" data-scroll-speed=\"300\" data-accordion-id=\"64462b4\" data-accordion-type=\"accordion\" data-toogle-speed=\"300\">\n    <div class=\"eael-accordion-list\">\n                <div id=\"sind-ihre-fahrer-lizenziert-und-versichert\" class=\"elementor-tab-title eael-accordion-header active-default\" tabindex=\"0\" data-tab=\"1\" aria-controls=\"elementor-tab-content-1051\"><span class=\"eael-advanced-accordion-icon-closed\"><svg aria-hidden=\"true\" class=\"fa-accordion-icon e-font-icon-svg e-fas-plus\" viewBox=\"0 0 448 512\" xmlns=\"http:\/\/www.w3.org\/2000\/svg\"><path d=\"M416 208H272V64c0-17.67-14.33-32-32-32h-32c-17.67 0-32 14.33-32 32v144H32c-17.67 0-32 14.33-32 32v32c0 17.67 14.33 32 32 32h144v144c0 17.67 14.33 32 32 32h32c17.67 0 32-14.33 32-32V304h144c17.67 0 32-14.33 32-32v-32c0-17.67-14.33-32-32-32z\"><\/path><\/svg><\/span><span class=\"eael-advanced-accordion-icon-opened\"><svg aria-hidden=\"true\" class=\"fa-accordion-icon e-font-icon-svg e-fas-minus\" viewBox=\"0 0 448 512\" xmlns=\"http:\/\/www.w3.org\/2000\/svg\"><path d=\"M416 208H32c-17.67 0-32 14.33-32 32v32c0 17.67 14.33 32 32 32h384c17.67 0 32-14.33 32-32v-32c0-17.67-14.33-32-32-32z\"><\/path><\/svg><\/span><span class=\"eael-accordion-tab-title\">Sind Ihre Fahrer lizenziert und versichert?<\/span><\/div><div id=\"elementor-tab-content-1051\" class=\"eael-accordion-content clearfix active-default\" data-tab=\"1\" aria-labelledby=\"sind-ihre-fahrer-lizenziert-und-versichert\"><p>Ja, alle unsere Fahrer sind voll lizenzierte, erfahrene Profis und unsere Fahrzeuge sind ordnungsgem\u00e4\u00df versichert.<\/p><\/div>\n                <\/div><div class=\"eael-accordion-list\">\n                <div id=\"welche-covid-19-sicherheitsmanahmen-gibt-es\" class=\"elementor-tab-title eael-accordion-header\" tabindex=\"0\" data-tab=\"2\" aria-controls=\"elementor-tab-content-1052\"><span class=\"eael-advanced-accordion-icon-closed\"><svg aria-hidden=\"true\" class=\"fa-accordion-icon e-font-icon-svg e-fas-plus\" viewBox=\"0 0 448 512\" xmlns=\"http:\/\/www.w3.org\/2000\/svg\"><path d=\"M416 208H272V64c0-17.67-14.33-32-32-32h-32c-17.67 0-32 14.33-32 32v144H32c-17.67 0-32 14.33-32 32v32c0 17.67 14.33 32 32 32h144v144c0 17.67 14.33 32 32 32h32c17.67 0 32-14.33 32-32V304h144c17.67 0 32-14.33 32-32v-32c0-17.67-14.33-32-32-32z\"><\/path><\/svg><\/span><span class=\"eael-advanced-accordion-icon-opened\"><svg aria-hidden=\"true\" class=\"fa-accordion-icon e-font-icon-svg e-fas-minus\" viewBox=\"0 0 448 512\" xmlns=\"http:\/\/www.w3.org\/2000\/svg\"><path d=\"M416 208H32c-17.67 0-32 14.33-32 32v32c0 17.67 14.33 32 32 32h384c17.67 0 32-14.33 32-32v-32c0-17.67-14.33-32-32-32z\"><\/path><\/svg><\/span><span class=\"eael-accordion-tab-title\">Welche Covid-19-Sicherheitsma\u00dfnahmen gibt es?<\/span><\/div><div id=\"elementor-tab-content-1052\" class=\"eael-accordion-content clearfix\" data-tab=\"2\" aria-labelledby=\"welche-covid-19-sicherheitsmanahmen-gibt-es\"><p>Wir befolgen alle empfohlenen Sicherheitsrichtlinien, um die Gesundheit und Sicherheit unserer Fahrg\u00e4ste und Fahrer zu gew\u00e4hrleisten. Dazu geh\u00f6ren auch die regelm\u00e4\u00dfige Desinfektion der Fahrzeuge und die Verwendung von Masken, falls erforderlich.<\/p><\/div>\n                <\/div><div class=\"eael-accordion-list\">\n                <div id=\"bieten-taxidienste-in-stuttgart-flughafentransfers-an\" class=\"elementor-tab-title eael-accordion-header\" tabindex=\"0\" data-tab=\"3\" aria-controls=\"elementor-tab-content-1053\"><span class=\"eael-advanced-accordion-icon-closed\"><svg aria-hidden=\"true\" class=\"fa-accordion-icon e-font-icon-svg e-fas-plus\" viewBox=\"0 0 448 512\" xmlns=\"http:\/\/www.w3.org\/2000\/svg\"><path d=\"M416 208H272V64c0-17.67-14.33-32-32-32h-32c-17.67 0-32 14.33-32 32v144H32c-17.67 0-32 14.33-32 32v32c0 17.67 14.33 32 32 32h144v144c0 17.67 14.33 32 32 32h32c17.67 0 32-14.33 32-32V304h144c17.67 0 32-14.33 32-32v-32c0-17.67-14.33-32-32-32z\"><\/path><\/svg><\/span><span class=\"eael-advanced-accordion-icon-opened\"><svg aria-hidden=\"true\" class=\"fa-accordion-icon e-font-icon-svg e-fas-minus\" viewBox=\"0 0 448 512\" xmlns=\"http:\/\/www.w3.org\/2000\/svg\"><path d=\"M416 208H32c-17.67 0-32 14.33-32 32v32c0 17.67 14.33 32 32 32h384c17.67 0 32-14.33 32-32v-32c0-17.67-14.33-32-32-32z\"><\/path><\/svg><\/span><span class=\"eael-accordion-tab-title\">Bieten Taxidienste in Stuttgart Flughafentransfers an?<\/span><\/div><div id=\"elementor-tab-content-1053\" class=\"eael-accordion-content clearfix\" data-tab=\"3\" aria-labelledby=\"bieten-taxidienste-in-stuttgart-flughafentransfers-an\"><p>Ja, <strong>Taxi<\/strong> <strong>R\u00fcsselsheim<\/strong>\u00a0bietet Flughafentransferdienste zu den nahegelegenen Flugh\u00e4fen an und sorgt so f\u00fcr eine bequeme und zuverl\u00e4ssige Bef\u00f6rderung zum und vom Flughafen.<\/p><\/div>\n                <\/div><\/div>\t\t\t\t<\/div>\n\t\t\t\t<\/div>\n\t\t\t\t<\/div>\n\t\t\t\t\t<\/div>\n\t\t\t\t<\/div>\n\t\t\t\t\t<\/div>\n\t\t<\/div>\n\t\t\t\t\t<\/div>\n\t\t<\/section>\n\t\t\t\t<\/div>\n\t\t","protected":false},"excerpt":{"rendered":"<p>FAQ&#8217;s Fragen &amp; Antworten Wie kann ich ein Taxi in Mannheim bestellen? Sie k\u00f6nnen Ihr Taxi in R\u00fcsselsheim\u00a0einfach und bequem buchen! Rufen Sie uns an, um Ihre Fahrt im Voraus zu planen oder bestellen Sie spontan ein Fahrzeug. Unser Service steht Ihnen rund um die Uhr zur Verf\u00fcgung, damit Sie jederzeit sicher und p\u00fcnktlich Ihr [&hellip;]<\/p>\n","protected":false},"author":1,"featured_media":0,"parent":0,"menu_order":0,"comment_status":"closed","ping_status":"closed","template":"elementor_header_footer","meta":{"footnotes":""},"class_list":["post-101","page","type-page","status-publish","hentry"],"_links":{"self":[{"href":"https:\/\/taxir\u00fcsselsheim.de\/index.php\/wp-json\/wp\/v2\/pages\/101","targetHints":{"allow":["GET"]}}],"collection":[{"href":"https:\/\/taxir\u00fcsselsheim.de\/index.php\/wp-json\/wp\/v2\/pages"}],"about":[{"href":"https:\/\/taxir\u00fcsselsheim.de\/index.php\/wp-json\/wp\/v2\/types\/page"}],"author":[{"embeddable":true,"href":"https:\/\/taxir\u00fcsselsheim.de\/index.php\/wp-json\/wp\/v2\/users\/1"}],"replies":[{"embeddable":true,"href":"https:\/\/taxir\u00fcsselsheim.de\/index.php\/wp-json\/wp\/v2\/comments?post=101"}],"version-history":[{"count":10,"href":"https:\/\/taxir\u00fcsselsheim.de\/index.php\/wp-json\/wp\/v2\/pages\/101\/revisions"}],"predecessor-version":[{"id":310,"href":"https:\/\/taxir\u00fcsselsheim.de\/index.php\/wp-json\/wp\/v2\/pages\/101\/revisions\/310"}],"wp:attachment":[{"href":"https:\/\/taxir\u00fcsselsheim.de\/index.php\/wp-json\/wp\/v2\/media?parent=101"}],"curies":[{"name":"wp","href":"https:\/\/api.w.org\/{rel}","templated":true}]}}